{"id":978,"date":"2025-10-16T10:29:44","date_gmt":"2025-10-16T10:29:44","guid":{"rendered":"https:\/\/noapteacercetatorilor.ucv.ro\/?page_id=978"},"modified":"2025-10-16T10:33:13","modified_gmt":"2025-10-16T10:33:13","slug":"teatrul-national-craiova","status":"publish","type":"page","link":"https:\/\/noapteacercetatorilor.ucv.ro\/index.php\/teatrul-national-craiova\/","title":{"rendered":"Teatrul Na\u021bional Craiova"},"content":{"rendered":"<p class=\"has-text-align-center\"><strong><a href=\"https:\/\/www.youtube.com\/embed\/gNywwcVOvgM?feature=oembed\"  target=\"_blank\">\ud835\udc0f\ud835\udc04\ud835\udc12\ud835\udc02\u0102\ud835\udc11\ud835\udc14\u0218\ud835\udc14\ud835\udc0b &#8211; pies\u0103 de teatru<\/a><\/strong><\/p>\n<p class=\"has-text-align-center\">Dup\u0103 A.P. Cehov<br \/>Regia \u0219i scenografia: Florin Caracala<br \/>Text: adaptare colectiv\u0103<br \/>Asistent de regie: C\u0103t\u0103lina V\u00een\u0103toru<br \/>Muzica: Ovidiu C\u00e2rstea, Mihai Alexandru<\/p>\n<p class=\"has-text-align-center\">Distribu\u021bia:<br \/>Mihai Alexandru, C\u0103t\u0103lin Blendea, Vlad Burdu\u0219el, Ovidiu C\u00e2rstea, Irina Danciu<br \/>Alexandra Mihalcea, Roxana Mutu, Cristian Petec, Delia Toader, Mihai Valentin Vi\u021b\u0103, Iarina Zidaru<\/p>\n","protected":false},"excerpt":{"rendered":"<p>\ud835\udc0f\ud835\udc04\ud835\udc12\ud835\udc02\u0102\ud835\udc11\ud835\udc14\u0218\ud835\udc14\ud835\udc0b &#8211; pies\u0103 de teatru Dup\u0103 A.P. CehovRegia \u0219i scenografia: Florin CaracalaText: adaptare colectiv\u0103Asistent de regie: C\u0103t\u0103lina V\u00een\u0103toruMuzica: Ovidiu C\u00e2rstea, Mihai Alexandru Distribu\u021bia:Mihai Alexandru, C\u0103t\u0103lin Blendea, Vlad Burdu\u0219el, Ovidiu C\u00e2rstea, Irina DanciuAlexandra Mihalcea, Roxana Mutu, Cristian Petec, Delia Toader, Mihai<\/p>\n","protected":false},"author":1,"featured_media":0,"parent":0,"menu_order":0,"comment_status":"closed","ping_status":"closed","template":"","meta":{"footnotes":""},"class_list":["post-978","page","type-page","status-publish","hentry"],"_links":{"self":[{"href":"https:\/\/noapteacercetatorilor.ucv.ro\/index.php\/wp-json\/wp\/v2\/pages\/978","targetHints":{"allow":["GET"]}}],"collection":[{"href":"https:\/\/noapteacercetatorilor.ucv.ro\/index.php\/wp-json\/wp\/v2\/pages"}],"about":[{"href":"https:\/\/noapteacercetatorilor.ucv.ro\/index.php\/wp-json\/wp\/v2\/types\/page"}],"author":[{"embeddable":true,"href":"https:\/\/noapteacercetatorilor.ucv.ro\/index.php\/wp-json\/wp\/v2\/users\/1"}],"replies":[{"embeddable":true,"href":"https:\/\/noapteacercetatorilor.ucv.ro\/index.php\/wp-json\/wp\/v2\/comments?post=978"}],"version-history":[{"count":2,"href":"https:\/\/noapteacercetatorilor.ucv.ro\/index.php\/wp-json\/wp\/v2\/pages\/978\/revisions"}],"predecessor-version":[{"id":981,"href":"https:\/\/noapteacercetatorilor.ucv.ro\/index.php\/wp-json\/wp\/v2\/pages\/978\/revisions\/981"}],"wp:attachment":[{"href":"https:\/\/noapteacercetatorilor.ucv.ro\/index.php\/wp-json\/wp\/v2\/media?parent=978"}],"curies":[{"name":"wp","href":"https:\/\/api.w.org\/{rel}","templated":true}]}}