{"id":943,"date":"2025-10-16T09:32:20","date_gmt":"2025-10-16T09:32:20","guid":{"rendered":"https:\/\/noapteacercetatorilor.ucv.ro\/?page_id=943"},"modified":"2025-10-16T10:24:11","modified_gmt":"2025-10-16T10:24:11","slug":"program-opening-up-science","status":"publish","type":"page","link":"https:\/\/noapteacercetatorilor.ucv.ro\/index.php\/program-opening-up-science\/","title":{"rendered":"Program Opening Up Science"},"content":{"rendered":"<p><strong><span class=\"has-inline-color has-vivid-cyan-blue-color\">I. Activit\u0103\u021bi cu acces liber pe <\/span><span class=\"has-inline-color has-black-color\"><a href=\"https:\/\/noapteacercetatorilor.ucv.ro\/\">site-ul evenimentului <\/a> <\/span><\/strong>(16.30 \u2013 22.00)<\/p>\n<p><strong><i class=\"fa fa-external-link\" fa-lg=\"\"><\/i> <a href=\"https:\/\/noapteacercetatorilor.ucv.ro\/\"> Mesajul Rectorului Universit\u0103\u0163ii din Craiova, prof. univ. dr. Cezar SP\u00ceNU<\/a><\/strong> (16.30 &#8211; 16.40)<\/p>\n<p><strong><i class=\"fa fa-external-link\" fa-lg=\"\"><\/i> <a href=\"https:\/\/noapteacercetatorilor.ucv.ro\/index.php\/experimente-ucv-2\/\">Experimente realizate \u00een laboratoarele Universit\u0103\u0163ii din Craiova<\/a><\/strong><\/p>\n<p><strong><i class=\"fa fa-external-link\" fa-lg=\"\"><\/i> <a href=\"https:\/\/noapteacercetatorilor.ucv.ro\/index.php\/category\/documentare-ucv\/\" data-type=\"URL\" data-id=\"\/documentar-ucv\/\"> Documentare UCV<\/a><\/strong><\/p>\n<p><strong><i class=\"fa fa-external-link\" fa-lg=\"\"><\/i> <a href=\"https:\/\/noapteacercetatorilor.ucv.ro\/index.php\/category\/proiecte-elevi\/\">Proiecte realizate de elevi craioveni<\/a><\/strong><\/p>\n<p><strong><i class=\"fa fa-external-link\" fa-lg=\"\"><\/i> Acas\u0103 la\u2026 Vizion\u0103ri propuse de partenerii Ucv:<\/strong><\/p>\n<p><a href=\"https:\/\/noapteacercetatorilor.ucv.ro\/index.php\/muzeul-olteniei-craiova\/\"><strong><i class=\"fa fa-long-arrow-right\" fa-lg=\"\"><\/i> Muzeul Olteniei <\/strong><\/a><\/p>\n<p><strong><a href=\"\/2021\/teatrul-national-marin-sorescu\/\"><i class=\"fa fa-long-arrow-right\" fa-lg=\"\"><\/i> Teatrul Na\u0163ional \u201eMarin Sorescu\u201d din Craiova<\/a><\/strong><\/p>\n<p><strong><a href=\"\/2021\/muzeul-de-arta-craiova\/\"><i class=\"fa fa-long-arrow-right\" fa-lg=\"\"><\/i> Muzeul de Art\u0103 Craiova<\/a><\/strong><\/p>\n<p><strong><a href=\"https:\/\/noapteacercetatorilor.ucv.ro\/index.php\/biblioteca-judeteana-alexandru-si-aristia-aman\/\"><i class=\"fa fa-long-arrow-right\" fa-lg=\"\"><\/i> Biblioteca Jude\u021bean\u0103 \u201dAlexandru \u0219i Aristia Aman\u201d<\/a><\/strong><\/p>\n<p><strong><a href=\"https:\/\/noapteacercetatorilor.ucv.ro\/index.php\/centrul-judetean-pentru-conservarea-si-promovarea-culturii-traditionale-dolj\/\"><i class=\"fa fa-long-arrow-right\" fa-lg=\"\"><\/i> Centrul Jude\u021bean pentru Conservarea \u015fi Promovarea Culturii Tradi\u021bionale Dolj<\/a><\/strong><\/p>\n<p><a href=\"https:\/\/noapteacercetatorilor.ucv.ro\/index.php\/sponsori\/\"><strong><i class=\"fa fa-long-arrow-right\" fa-lg=\"\"><\/i> Prezentarea companiilor partenere ale evenimentului<\/strong><\/a><\/p>\n<p><a href=\"https:\/\/noapteacercetatorilor.ucv.ro\/index.php\/business-gate\/\"><strong><i class=\"fa fa-long-arrow-right\" fa-lg=\"\"><\/i> Business-gate: expozitie online de servicii si produse inovative<\/strong><\/a><\/p>\n<p><strong><span class=\"has-inline-color has-vivid-cyan-blue-color\">II.Activit\u0103\u021bi cu acces pe baz\u0103 de pre\u00eenscriere<\/span><\/strong> (16.30 &#8211; 22.00)<\/p>\n<p><strong><i class=\"fa fa-external-link\" fa-lg=\"\"><\/i> <a href=\"#\"><strong> Mas\u0103 rotund\u0103 &#8222;Cercetare &#8211; Dezvoltare \u2013 Inovare \u00een 2021&#8221;<\/strong><\/a><\/strong> (16.40 &#8211; 18.00)<\/p>\n<p><i class=\"fa fa-long-arrow-right\" fa-lg=\"\"><\/i> Invitat de onoare: Dan STOIANOVICI (16.45-17.05)<br \/>&nbsp;&nbsp;&nbsp;&nbsp;&#8222;Johns Hopkins&#8221; University, Baltimore, Maryland, S.U.A.<br \/>&nbsp;&nbsp;&nbsp;&nbsp;Director Program Robotic\u0103 Medical\u0103<br \/>&nbsp;&nbsp;&nbsp;&nbsp;Tema: <strong>Robo\u021bi comanda\u021bi din imagini medicale<\/strong><\/p>\n<p><i class=\"fa fa-long-arrow-right\" fa-lg=\"\"><\/i> Invitat de onoare: Horia PINTILIE (17.10-17.35)<br \/>&nbsp;&nbsp;&nbsp;&nbsp;UBISOFT Romania<br \/>&nbsp;&nbsp;&nbsp;&nbsp;Universitatea Politehnica din Bucuresti<br \/>&nbsp;&nbsp;&nbsp;&nbsp;Technology Director<br \/>&nbsp;&nbsp;&nbsp;&nbsp;Tema: <strong>Concepte de matematic\u0103 \u0219i fizic\u0103 aplicate \u00een crearea lumilor virtuale<\/strong><\/p>\n<p><i class=\"fa fa-long-arrow-right\" fa-lg=\"\"><\/i> Invitat de onoare: Ing. Daniel STANA (17.35-18.00)<br \/>&nbsp;&nbsp;&nbsp;&nbsp;Hella Craiova<br \/>&nbsp;&nbsp;&nbsp;&nbsp;Tema: <strong>Hella Lighting Innovation<\/strong><\/p>\n<p><strong><i class=\"fa fa-external-link\" fa-lg=\"\"><\/i> <a href=\"#><strong> Masa rotund\u0103 online pentru companii din zona Olteniei<\/strong><\/a><\/strong> (18.00-19.00)<\/p>\n<p>&nbsp;&nbsp;&nbsp;&nbsp;&#8222;Noi programe europene pentru IMM-uri innovative din regiunea Sud-Vest Oltenia&#8221;<br \/>&nbsp;&nbsp;&nbsp;&nbsp;Prof. univ. dr. Radu Constantinescu, Universitatea din Craiova<br \/>&nbsp;&nbsp;&nbsp;&nbsp;Expert Enterprise Europe Network (EEN)<\/p>\n<p><strong><strong><i class=\"fa fa-external-link\" fa-lg=\"\"><\/i> Concurs cu premii adresat elevilor. Detalii <a href=\"https:\/\/noapteacercetatorilor.ucv.ro\/index.php\/2025\/10\/16\/anunt-concurs\/\">aici<\/a><\/strong> (18.00- 21.00)<\/strong><\/p>\n","protected":false},"excerpt":{"rendered":"<p>I. Activit\u0103\u021bi cu acces liber pe site-ul evenimentului (16.30 \u2013 22.00) Mesajul Rectorului Universit\u0103\u0163ii din Craiova, prof. univ. dr. Cezar SP\u00ceNU (16.30 &#8211; 16.40) Experimente realizate \u00een laboratoarele Universit\u0103\u0163ii din Craiova Documentare UCV Proiecte realizate de elevi craioveni Acas\u0103 la\u2026<\/p>\n","protected":false},"author":1,"featured_media":0,"parent":0,"menu_order":0,"comment_status":"closed","ping_status":"closed","template":"","meta":{"footnotes":""},"class_list":["post-943","page","type-page","status-publish","hentry"],"_links":{"self":[{"href":"https:\/\/noapteacercetatorilor.ucv.ro\/index.php\/wp-json\/wp\/v2\/pages\/943","targetHints":{"allow":["GET"]}}],"collection":[{"href":"https:\/\/noapteacercetatorilor.ucv.ro\/index.php\/wp-json\/wp\/v2\/pages"}],"about":[{"href":"https:\/\/noapteacercetatorilor.ucv.ro\/index.php\/wp-json\/wp\/v2\/types\/page"}],"author":[{"embeddable":true,"href":"https:\/\/noapteacercetatorilor.ucv.ro\/index.php\/wp-json\/wp\/v2\/users\/1"}],"replies":[{"embeddable":true,"href":"https:\/\/noapteacercetatorilor.ucv.ro\/index.php\/wp-json\/wp\/v2\/comments?post=943"}],"version-history":[{"count":13,"href":"https:\/\/noapteacercetatorilor.ucv.ro\/index.php\/wp-json\/wp\/v2\/pages\/943\/revisions"}],"predecessor-version":[{"id":977,"href":"https:\/\/noapteacercetatorilor.ucv.ro\/index.php\/wp-json\/wp\/v2\/pages\/943\/revisions\/977"}],"wp:attachment":[{"href":"https:\/\/noapteacercetatorilor.ucv.ro\/index.php\/wp-json\/wp\/v2\/media?parent=943"}],"curies":[{"name":"wp","href":"https:\/\/api.w.org\/{rel}","templated":true}]}}