{"id":53,"date":"2020-10-22T11:46:13","date_gmt":"2020-10-22T09:46:13","guid":{"rendered":"https:\/\/noapteacercetatorilor.ucv.ro\/?page_id=53"},"modified":"2020-10-22T11:46:13","modified_gmt":"2020-10-22T09:46:13","slug":"cuvant-rector","status":"publish","type":"page","link":"https:\/\/noapteacercetatorilor.ucv.ro\/","title":{"rendered":"Mesajul Rectorului UCV"},"content":{"rendered":"\n<p>Bine a\u021bi venit la Universitatea din Craiova, la evenimentul <strong>Noaptea Cercetatorilor 2021<\/strong>!<\/p>\n\n\n\n<p>Suntem preg\u0103ti\u0163i s\u0103 \u00eencepem noul an universitar 2021-2022, din nou sub semnul pandemiei \u015fi s\u0103 travers\u0103m cu bine aceast\u0103 criz\u0103 sanitar\u0103. Ca de fiecare dat\u0103, \u0219i evenimentul din acest an \u00ee\u015fi propune s\u0103 arate publicului larg ce \u00eenseamn\u0103 s\u0103 fii cercet\u0103tor \u015fi c\u00e2t de interesant\u0103 poate fi munca de cercetare. Preg\u0103tit ca un eveniment online, <strong>Noaptea Cercet\u0103torilor 2021<\/strong> v\u0103 va conduce pe to\u0163i \u00eentr-o fascinant\u0103 c\u0103l\u0103torie \u00een lumea \u015ftiin\u0163ei.<\/p>\n\n\n\n<p>Pol al \u015ftiin\u0163ei \u015fi cunoa\u015fterii \u00een regiune, Universitatea din Craiova, prin infrastructura de cercetare existent\u0103, gestionat\u0103 de resursa uman\u0103 \u00eenalt calificat\u0103, \u00ee\u015fi dore\u015fte s\u0103 fie o verig\u0103 activ\u0103 \u00eentre dezvoltarea profesional\u0103 a tinerei genera\u0163ii \u015fi competitivitatea oferit\u0103 de mediul economic local \u015fi regional.&nbsp;&nbsp;&nbsp;<\/p>\n\n\n\n<p>Mul\u021bumesc tuturor invita\u021bilor, cercet\u0103tori \u0219i parteneri ai Universit\u0103\u021bii din Craiova. Gra\u021bie generozit\u0103\u021bii \u0219i \u00eencrederii \u00een misiunea acestui eveniment, vom putea urm\u0103ri prelegerea ilustrului profesor Dan STOIANOVICI, \u201eJohns Hopkins\u201d University, Baltimore, Maryland, S.U.A., Director Program Robotic\u0103 Medical\u0103. Ne bucur\u0103m \u00een egal\u0103 m\u0103sur\u0103 s\u0103-i avem ca invita\u021bi de onoare pe domnul Horia PINTILIE, UBISOFT Rom\u00e2nia, Universitatea Politehnic\u0103 din Bucure\u015fti, Technology Director, \u0219i pe domnul ing. Daniel STANA din partea companiei Hella Craiova.<\/p>\n\n\n\n<p>Ne bucur\u0103m c\u0103 \u0219i anul acesta Universitatea din Craiova este partener \u00een proiectul complex <strong>Noaptea Cercet\u0103torilor 2021<\/strong>, al\u0103turi de universit\u0103\u021bi de renume din Ia\u0219i, Timi\u0219oara, Sibiu \u0219i Constan\u021ba. Anul trecut, c\u00e2nd am experimentat prima edi\u021bie online, v-am sim\u021bit aproape, v-am sim\u021bit l\u00e2ng\u0103 Universitatea din Craiova, l\u00e2ng\u0103 profesorii \u0219i studen\u021bii ei. V\u0103 mul\u021bumim! V\u0103 invit\u0103m \u0219i de data aceasta s\u0103 urm\u0103ri\u021bi prezent\u0103rile pe care vi le-au preg\u0103tit cu mult\u0103 pasiune, creativitate \u0219i \u00eencrederea \u00een importan\u021ba misiunii acestui eveniment. Le mul\u021bumesc \u0219i \u00eei felicit pentru ceea ce au reu\u0219it s\u0103 realizeze!&nbsp;<\/p>\n\n\n\n<p>&nbsp;&nbsp;&nbsp;&nbsp;&nbsp;&nbsp;&nbsp;&nbsp;&nbsp;&nbsp;&nbsp; \u0218tiin\u021ba deschide lumea!<\/p>\n\n\n\n<p class=\"has-text-align-right\">Prof. univ. dr. Cezar Ionu\u0163 SP\u00ceNU,<\/p>\n\n\n\n<p class=\"has-text-align-right\">Rectorul Universit\u0103\u0163ii din Craiova&nbsp;<\/p>\n","protected":false},"excerpt":{"rendered":"<p>Bine a\u021bi venit la Universitatea din Craiova, la evenimentul Noaptea Cercetatorilor 2021! Suntem preg\u0103ti\u0163i s\u0103 \u00eencepem noul an universitar 2021-2022, din nou sub semnul pandemiei \u015fi s\u0103 travers\u0103m cu bine aceast\u0103 criz\u0103 sanitar\u0103. Ca de fiecare dat\u0103, \u0219i evenimentul din<\/p>\n","protected":false},"author":1,"featured_media":0,"parent":0,"menu_order":0,"comment_status":"closed","ping_status":"closed","template":"","meta":{"footnotes":""},"class_list":["post-53","page","type-page","status-publish","hentry"],"_links":{"self":[{"href":"https:\/\/noapteacercetatorilor.ucv.ro\/index.php\/wp-json\/wp\/v2\/pages\/53","targetHints":{"allow":["GET"]}}],"collection":[{"href":"https:\/\/noapteacercetatorilor.ucv.ro\/index.php\/wp-json\/wp\/v2\/pages"}],"about":[{"href":"https:\/\/noapteacercetatorilor.ucv.ro\/index.php\/wp-json\/wp\/v2\/types\/page"}],"author":[{"embeddable":true,"href":"https:\/\/noapteacercetatorilor.ucv.ro\/index.php\/wp-json\/wp\/v2\/users\/1"}],"replies":[{"embeddable":true,"href":"https:\/\/noapteacercetatorilor.ucv.ro\/index.php\/wp-json\/wp\/v2\/comments?post=53"}],"version-history":[{"count":0,"href":"https:\/\/noapteacercetatorilor.ucv.ro\/index.php\/wp-json\/wp\/v2\/pages\/53\/revisions"}],"wp:attachment":[{"href":"https:\/\/noapteacercetatorilor.ucv.ro\/index.php\/wp-json\/wp\/v2\/media?parent=53"}],"curies":[{"name":"wp","href":"https:\/\/api.w.org\/{rel}","templated":true}]}}